{"id":653,"date":"2014-12-18T19:30:05","date_gmt":"2014-12-18T18:30:05","guid":{"rendered":"http:\/\/www.feuerwehr-wittenborn.de\/?page_id=653"},"modified":"2025-11-16T12:59:36","modified_gmt":"2025-11-16T11:59:36","slug":"die-jugendfeuerwehr","status":"publish","type":"page","link":"http:\/\/www.feuerwehr-wittenborn.de\/?page_id=653","title":{"rendered":"Jugendfeuerwehr"},"content":{"rendered":"<div>\n<div>\n<p>Die JF Wittenborn besteht heute aus knapp 40 Jungen und M\u00e4dchen. Nicht nur aus Wittenborn, sondern auch aus den angrenzenden Gemeinden. Jugendfeuerwehrwart ist <a title=\"Kontakt\" href=\"http:\/\/www.feuerwehr-wittenborn.de\/?page_id=599\" target=\"_blank\" rel=\"noopener\">Marco N\u00fcrnberger.<\/a><\/p>\n<p>In der Jugendfeuerwehr lernen Jungen und M\u00e4dchen, zwischen 10 und 17 Jahren, die feuerwehrtechnischen Ausbildung und die Erste Hilfe. Aber auch die allgemeine Jugendarbeit sowie Ausfl\u00fcge und Fahrten sind ein wichtiger Bestandteil.<\/p>\n<p>Falls ihr Interesse habt, meldet euch bitte bei <a title=\"Kontakt\" href=\"http:\/\/www.feuerwehr-wittenborn.de\/?page_id=599\" target=\"_blank\" rel=\"noopener\">Marco N\u00fcrnberger<\/a>.<\/p>\n<p><span class=\"embed-youtube\" style=\"text-align:center; display: block;\"><iframe loading=\"lazy\" class=\"youtube-player\" width=\"584\" height=\"329\" src=\"https:\/\/www.youtube.com\/embed\/9_oN9MmrJCs?version=3&#038;rel=1&#038;showsearch=0&#038;showinfo=1&#038;iv_load_policy=1&#038;fs=1&#038;hl=de-DE&#038;autohide=2&#038;wmode=transparent\" allowfullscreen=\"true\" style=\"border:0;\" sandbox=\"allow-scripts allow-same-origin allow-popups allow-presentation\"><\/iframe><\/span><\/p>\n<h1><\/h1>\n<h1><b>Es gibt sie in fast jedem Ort, auf dem Land oder in der Gro\u00dfstadt, in Ost und West.\u00a0<\/b><\/h1>\n<\/div>\n<p>N\u00fctzlich, fl\u00e4chendeckend, sinnvoll, modern &#8211; das sind treffende Attribute dieser Organisation. Den &#8222;Bundesverband&#8220;\u00a0<b>Deutsche Jugendfeuerwehr\u00a0<\/b>gibt es seit\u00a0<b>1964<\/b>. Die erste Jugendfeuerwehr wurde aber bereits 1885 in Oevenum auf F\u00f6hr gegr\u00fcndet.<\/p>\n<ul>\n<li>Die Virtuelle Chronik:\u00a0<a href=\"http:\/\/www.zeitstrahl.jugendfeuerwehr.de\" target=\"_blank\" rel=\"noopener\">www.zeitstrahl.jugendfeuerwehr.de<\/a><\/li>\n<\/ul>\n<p>Jugendfeuerwehren z\u00e4hlen heute zu den gr\u00f6\u00dften Anbietern sinnvoller und zuverl\u00e4ssiger Freizeitbesch\u00e4ftigungen f\u00fcr junge Menschen.<\/p>\n<p>Jugendfeuerwehren werden gebraucht &#8211; um Freiwilligkeit innerhalb der Feuerwehren zu sichern, um gesellschaftliches und kulturelles Leben aufrechtzuhalten und um der Jugend zu zeigen, was Gemeinsinn bedeutet. Jugendfeuerwehren stehen mittendrin.<\/p>\n<p>Sie sprechen alle Jugendlichen an \u2013 Jungen und M\u00e4dchen, Kinder und Jugendliche aus allen sozialen Schichten und Bildungsstufen. \u00dcber<b>\u00a0245.000 Mitglieder<\/b>, organisiert in zirka\u00a0<b>18.100 Gruppen<\/b>, sind ein Beweis f\u00fcr die Attraktivit\u00e4t der Jugendfeuerwehren.<\/p>\n<blockquote>\n<div>Junge Menschen suchen das Besondere &#8211; ein Hobby, das mehr bietet! Bei der Jugendfeuerwehr sind sie da genau richtig.<\/div>\n<div><\/div>\n<\/blockquote>\n<div><em>Quelle: <a title=\"Jugendfeuerwehr.de\" href=\"http:\/\/www.jugendfeuerwehr.de\/die-djf\/verbandsinfo\/\" target=\"_blank\" rel=\"noopener\">www.jugendfeuerwehr.de<\/a><\/em><\/div>\n<div><\/div>\n<div><\/div>\n<h1>Werte der Deutschen Jugendfeuerwehr<\/h1>\n<div>\n<p>Die Sicherung des Nachwuchses f\u00fcr den aktiven Feuerwehrdienst ist nicht der einzige Auftrag der Jugendfeuerwehr. Die Bildung verschiedener Kompetenzen und das Vorleben von Werten ist ein mindestens genauso bedeutender Aufgabenbestandteil. Dabei werden die folgenden Werte nicht nur von den Jugendlichen, sondern auch von den Jugendwarten und anderen F\u00fchrungspersonen, tagt\u00e4glich in der Jugendfeuerwehr demokratisch gelebt. Werte sind nicht angeboren, sondern werden durch Vorbilder gepr\u00e4gt. Die Jugendfeuerwehr ist daher eine Organisation, welche sich stark von anderen Verb\u00e4nden abhebt. Dadurch fungiert sie als vorbildliches und ideales Hobby f\u00fcr Kinder und Jugendliche.<\/p>\n<p><b>Spa\u00df<\/b><\/p>\n<p>Der Spa\u00df in der Jugendfeuerwehr steht bei uns im Vordergrund. Jugendleiterinnen, Jugendleiter und Mitglieder sind ehrenamtlich aktiv, betreiben Feuerwehr in ihrer Freizeit. Mit Spa\u00df k\u00f6nnen alle ihrem Hobby nachgehen.<\/p>\n<p><b>Kameradschaft<\/b><\/p>\n<p>Der gegenseitige Respekt in Verbindung mit der Kritikf\u00e4higkeit jedes Einzelnen bildet das gegenseitige Vertrauen in der Gemeinschaft. Ein faires Handeln nach dem Motto \u201eEiner f\u00fcr Alle \u2013 Alle f\u00fcr Einen\u201c macht den Wert Kameradschaft in der Jugendfeuerwehr aus.<\/p>\n<p><b>Individuelle Vielfalt\u00a0<\/b><\/p>\n<p>Wir sind offen f\u00fcr vieles, aber nicht f\u00fcr alles. Die Individualit\u00e4t unserer Mitglieder zeichnet unsere Vielfalt in der Gemeinschaft aus und f\u00f6rdert Toleranz.<\/p>\n<p><b>Hilfsbereitschaft\u00a0<\/b><\/p>\n<p>Hilfsbereitschaft ist ein Grundelement der Jugendfeuerwehr, welches stetig herausgebildet und gef\u00f6rdert wird. Sie wirkt nach au\u00dfen und in der Gemeinschaft gleicherma\u00dfen.<\/p>\n<p><b>Mitbestimmung\u00a0<\/b><\/p>\n<p>Das Einbringen von Meinungen und das Umsetzen von Ideen geh\u00f6ren in der Jugendfeuerwehr dazu. Jede und jeder soll die M\u00f6glichkeit erhalten, sich aktiv in die Arbeit der Jugendfeuerwehr und der Verb\u00e4nde einzubringen und somit das Jugendfeuerwehrleben zu bereichern. Es gilt, Demokratie zu f\u00f6rdern und die Stimmen junger Menschen nicht nur zu h\u00f6ren, sondern auch wirken zu lassen.<\/p>\n<p><b>Ehrenamtliches Engagement\u00a0<\/b><\/p>\n<p>Ohne ehrenamtliches Engagement w\u00e4re die Arbeit in der Jugendfeuerwehr nicht m\u00f6glich. Jugendleiterinnen und Jugendleiter leisten Ehrenamt \u00fcber den Feuerwehrdienst hinaus, Jugendliche werden f\u00fcr ehrenamtliches Engagement begeistert.<\/p>\n<p><b>Wertsch\u00e4tzung\u00a0<\/b><\/p>\n<p>F\u00fcr die geleistete Arbeit in der Jugendfeuerwehr muss die Wertsch\u00e4tzung selbstverst\u00e4ndlich sein \u2013 sowohl gegen\u00fcber den Jugendleiterinnen und Jugendleitern als auch den Mitgliedern. Sie ist sp\u00fcrbar \u00fcber die Anerkennung in der Gesellschaft und muss auch in der Jugendfeuerwehr gelebt werden.<\/p>\n<p><i>Entstanden sind die Werte im\u00a0<b><a title=\"Opens internal link in current window\" href=\"http:\/\/www.jugendfeuerwehr.de\/die-djf\/verbandsinfo\/werte-der-djf\/schwerpunkte\/demokratie-teilhabe\/forum-jugendfeuerwehrt\/\">Forum JugendfeuerWEhRT\u00a0<\/a><\/b>im Projekt Demokratieberater, gef\u00f6rdert durch das Bundesprogramm Zusammenhalt durch Teilhabe.<\/i><\/p>\n<\/div>\n<\/div>\n","protected":false},"excerpt":{"rendered":"<p>Die JF Wittenborn besteht heute aus knapp 40 Jungen und M\u00e4dchen. Nicht nur aus Wittenborn, sondern auch aus den angrenzenden Gemeinden. Jugendfeuerwehrwart ist Marco N\u00fcrnberger. In der Jugendfeuerwehr lernen Jungen und M\u00e4dchen, zwischen 10 und 17 Jahren, die feuerwehrtechnischen Ausbildung &hellip; <a href=\"http:\/\/www.feuerwehr-wittenborn.de\/?page_id=653\">Weiterlesen <span class=\"meta-nav\">&rarr;<\/span><\/a><\/p>\n","protected":false},"author":4,"featured_media":0,"parent":0,"menu_order":0,"comment_status":"open","ping_status":"closed","template":"","meta":{"jetpack_post_was_ever_published":false},"jetpack_shortlink":"https:\/\/wp.me\/P1A8ly-ax","jetpack_sharing_enabled":true,"_links":{"self":[{"href":"http:\/\/www.feuerwehr-wittenborn.de\/index.php?rest_route=\/wp\/v2\/pages\/653"}],"collection":[{"href":"http:\/\/www.feuerwehr-wittenborn.de\/index.php?rest_route=\/wp\/v2\/pages"}],"about":[{"href":"http:\/\/www.feuerwehr-wittenborn.de\/index.php?rest_route=\/wp\/v2\/types\/page"}],"author":[{"embeddable":true,"href":"http:\/\/www.feuerwehr-wittenborn.de\/index.php?rest_route=\/wp\/v2\/users\/4"}],"replies":[{"embeddable":true,"href":"http:\/\/www.feuerwehr-wittenborn.de\/index.php?rest_route=%2Fwp%2Fv2%2Fcomments&post=653"}],"version-history":[{"count":8,"href":"http:\/\/www.feuerwehr-wittenborn.de\/index.php?rest_route=\/wp\/v2\/pages\/653\/revisions"}],"predecessor-version":[{"id":2838,"href":"http:\/\/www.feuerwehr-wittenborn.de\/index.php?rest_route=\/wp\/v2\/pages\/653\/revisions\/2838"}],"wp:attachment":[{"href":"http:\/\/www.feuerwehr-wittenborn.de\/index.php?rest_route=%2Fwp%2Fv2%2Fmedia&parent=653"}],"curies":[{"name":"wp","href":"https:\/\/api.w.org\/{rel}","templated":true}]}}